{"id":63,"date":"2024-02-21T08:51:55","date_gmt":"2024-02-21T08:51:55","guid":{"rendered":"https:\/\/staging.tannenkinder.de\/?page_id=63"},"modified":"2024-02-21T09:38:44","modified_gmt":"2024-02-21T09:38:44","slug":"weihnachtslotterie-2023","status":"publish","type":"page","link":"https:\/\/staging.tannenkinder.de\/?page_id=63","title":{"rendered":"Weihnachtslotterie 2023"},"content":{"rendered":"<p>Alles begann mit einer kleinen Idee bzw. einem Bild. Was letztendlich daraus entstanden ist, konnten wir so auch nicht erwarten. Die Idee eine Weihnachtslotterie zu veranstalten startete mit gro\u00dfem Enthusiasmus. Zu dritt sind wir gestartet verschiedene Unternehmen regional aber auch \u00fcberregional anzuschreiben und um Unterst\u00fctzung zu bitten. Am Ende haben wir \u00fcber 350 Firmen kontaktiert. \u00dcberall war man sehr freundlich und entgegenkommend und so wurde unser Ziel 50 Gewinne zu erm\u00f6glichen schnell \u00fcberholt.<br \/>\nWir m\u00f6chten uns auch an dieser Stelle nochmal herzlich bei allen Spender bedanken. Auch dank Ihnen ist unsere erste Weihnachtslotterie ein voller Erfolg geworden.<\/p>\n<p>Unser Ziel freudige Augen und gl\u00fcckliche Kinderherzen zu schaffen, ist uns gemeinsam vollends gelungen. Dabei wurden nicht nur unsere Erwartungen mehr als \u00fcbertroffen, sondern auch unser F\u00f6rderschwein durch 200 verkaufter Lose ordentlich gef\u00fcttert. Diese Erl\u00f6se werden 1:1 in neue Projekte und W\u00fcnsche der Kita &amp; Krippenkinder eingesetzt. Wir freuen uns schon jetzt auf die Umsetzungen.<\/p>\n<p>&nbsp;<\/p>\n<p><img loading=\"lazy\" decoding=\"async\" class=\"alignnone size-full wp-image-65\" src=\"https:\/\/staging.tannenkinder.de\/wp-content\/uploads\/2024\/02\/weihnachten.jpg\" alt=\"\" width=\"945\" height=\"575\" srcset=\"https:\/\/staging.tannenkinder.de\/wp-content\/uploads\/2024\/02\/weihnachten.jpg 945w, https:\/\/staging.tannenkinder.de\/wp-content\/uploads\/2024\/02\/weihnachten-300x183.jpg 300w, https:\/\/staging.tannenkinder.de\/wp-content\/uploads\/2024\/02\/weihnachten-768x467.jpg 768w\" sizes=\"auto, (max-width: 945px) 100vw, 945px\" \/><\/p>\n","protected":false},"excerpt":{"rendered":"<p>Alles begann mit einer kleinen Idee bzw. einem Bild. Was letztendlich daraus entstanden ist, konnten wir so auch nicht erwarten. Die Idee eine Weihnachtslotterie zu veranstalten startete mit gro\u00dfem Enthusiasmus. Zu dritt sind wir gestartet verschiedene Unternehmen regional aber auch \u00fcberregional anzuschreiben und um Unterst\u00fctzung zu bitten. Am Ende haben wir \u00fcber 350 Firmen kontaktiert. &#8230; <a title=\"Weihnachtslotterie 2023\" class=\"read-more\" href=\"https:\/\/staging.tannenkinder.de\/?page_id=63\" aria-label=\"Mehr Informationen \u00fcber Weihnachtslotterie 2023\">Weiterlesen<\/a><\/p>\n","protected":false},"author":1,"featured_media":0,"parent":0,"menu_order":0,"comment_status":"closed","ping_status":"closed","template":"","meta":{"pgc_sgb_lightbox_settings":"","footnotes":""},"class_list":["post-63","page","type-page","status-publish"],"_links":{"self":[{"href":"https:\/\/staging.tannenkinder.de\/index.php?rest_route=\/wp\/v2\/pages\/63","targetHints":{"allow":["GET"]}}],"collection":[{"href":"https:\/\/staging.tannenkinder.de\/index.php?rest_route=\/wp\/v2\/pages"}],"about":[{"href":"https:\/\/staging.tannenkinder.de\/index.php?rest_route=\/wp\/v2\/types\/page"}],"author":[{"embeddable":true,"href":"https:\/\/staging.tannenkinder.de\/index.php?rest_route=\/wp\/v2\/users\/1"}],"replies":[{"embeddable":true,"href":"https:\/\/staging.tannenkinder.de\/index.php?rest_route=%2Fwp%2Fv2%2Fcomments&post=63"}],"version-history":[{"count":4,"href":"https:\/\/staging.tannenkinder.de\/index.php?rest_route=\/wp\/v2\/pages\/63\/revisions"}],"predecessor-version":[{"id":66,"href":"https:\/\/staging.tannenkinder.de\/index.php?rest_route=\/wp\/v2\/pages\/63\/revisions\/66"}],"wp:attachment":[{"href":"https:\/\/staging.tannenkinder.de\/index.php?rest_route=%2Fwp%2Fv2%2Fmedia&parent=63"}],"curies":[{"name":"wp","href":"https:\/\/api.w.org\/{rel}","templated":true}]}}