{"id":2,"date":"2023-03-16T19:50:38","date_gmt":"2023-03-16T19:50:38","guid":{"rendered":"https:\/\/tannenkinder.de\/wp\/?page_id=2"},"modified":"2024-06-15T18:43:52","modified_gmt":"2024-06-15T18:43:52","slug":"sample-page","status":"publish","type":"page","link":"https:\/\/staging.tannenkinder.de\/","title":{"rendered":""},"content":{"rendered":"\n<div class=\"wp-block-group alignfull has-base-2-background-color has-background\" style=\"margin-top:0;margin-bottom:0;padding-top:var(--wp--preset--spacing--60);padding-right:var(--wp--preset--spacing--60);padding-bottom:var(--wp--preset--spacing--60);padding-left:var(--wp--preset--spacing--60)\"><div class=\"wp-block-group__inner-container is-layout-constrained wp-container-core-group-is-layout-409b3081 wp-block-group-is-layout-constrained\">\n<div class=\"wp-block-group alignwide\"><div class=\"wp-block-group__inner-container is-layout-flow wp-block-group-is-layout-flow\">\n<div style=\"height:var(--wp--preset--spacing--50)\" aria-hidden=\"true\" class=\"wp-block-spacer\"><\/div>\n\n\n\n<p class=\"has-text-align-center has-heading-font-family has-x-large-font-size\" style=\"font-style:normal;font-weight:400;line-height:1.2\"><strong>Herzlich Willkommen auf der offiziellen Webseite der Tannenkinder e.V. in Norderstedt.<\/strong>\u00a0<br><br>Nach der Gr\u00fcndung im Jahr 2020 und der Corona bedingten Pause wird der F\u00f6rderverein im Jahr 2023 nun richtig durchstarten Auf dieser Seite bekommen Sie alle n\u00f6tigen Informationen um auf dem neusten Stand zu sein. Wir wollen hier regelm\u00e4\u00dfig unsere News ver\u00f6ffentlichen. Aber auch anstehende Termine. Wenn Sie Interesse am Verein haben und uns als Mitglied aktiv oder passiv unterst\u00fctzen wollen, k\u00f6nnen Sie sich gerne hier registrieren.<\/p>\n\n\n\n<div style=\"height:var(--wp--preset--spacing--50)\" aria-hidden=\"true\" class=\"wp-block-spacer\"><\/div>\n<\/div><\/div>\n<\/div><\/div>\n","protected":false},"excerpt":{"rendered":"<p>Herzlich Willkommen auf der offiziellen Webseite der Tannenkinder e.V. in Norderstedt.\u00a0 Nach der Gr\u00fcndung im Jahr 2020 und der Corona bedingten Pause wird der F\u00f6rderverein im Jahr 2023 nun richtig durchstarten Auf dieser Seite bekommen Sie alle n\u00f6tigen Informationen um auf dem neusten Stand zu sein. Wir wollen hier regelm\u00e4\u00dfig unsere News ver\u00f6ffentlichen. Aber auch &#8230; <a title=\"\" class=\"read-more\" href=\"https:\/\/staging.tannenkinder.de\/\" aria-label=\"Mehr Informationen \u00fcber \">Weiterlesen<\/a><\/p>\n","protected":false},"author":1,"featured_media":0,"parent":0,"menu_order":0,"comment_status":"closed","ping_status":"closed","template":"","meta":{"pgc_sgb_lightbox_settings":"","footnotes":""},"class_list":["post-2","page","type-page","status-publish"],"_links":{"self":[{"href":"https:\/\/staging.tannenkinder.de\/index.php?rest_route=\/wp\/v2\/pages\/2","targetHints":{"allow":["GET"]}}],"collection":[{"href":"https:\/\/staging.tannenkinder.de\/index.php?rest_route=\/wp\/v2\/pages"}],"about":[{"href":"https:\/\/staging.tannenkinder.de\/index.php?rest_route=\/wp\/v2\/types\/page"}],"author":[{"embeddable":true,"href":"https:\/\/staging.tannenkinder.de\/index.php?rest_route=\/wp\/v2\/users\/1"}],"replies":[{"embeddable":true,"href":"https:\/\/staging.tannenkinder.de\/index.php?rest_route=%2Fwp%2Fv2%2Fcomments&post=2"}],"version-history":[{"count":4,"href":"https:\/\/staging.tannenkinder.de\/index.php?rest_route=\/wp\/v2\/pages\/2\/revisions"}],"predecessor-version":[{"id":189,"href":"https:\/\/staging.tannenkinder.de\/index.php?rest_route=\/wp\/v2\/pages\/2\/revisions\/189"}],"wp:attachment":[{"href":"https:\/\/staging.tannenkinder.de\/index.php?rest_route=%2Fwp%2Fv2%2Fmedia&parent=2"}],"curies":[{"name":"wp","href":"https:\/\/api.w.org\/{rel}","templated":true}]}}